{"id":10101,"date":"2026-01-19T22:53:23","date_gmt":"2026-01-19T21:53:23","guid":{"rendered":"https:\/\/hufak.net\/?page_id=10101"},"modified":"2026-01-19T23:29:03","modified_gmt":"2026-01-19T22:29:03","slug":"uv","status":"publish","type":"page","link":"https:\/\/hufak.net\/en\/downloads\/uv\/","title":{"rendered":"UV documents"},"content":{"rendered":"\n<!-- Page-list plugin v.5.9 wordpress.org\/plugins\/page-list\/ -->\n<div class=\"page-list page-list-ext \">\n<div class=\"page-list-ext-item\"><h3 class=\"page-list-ext-title\"><a href=\"https:\/\/hufak.net\/en\/downloads\/uv\/reports\/\" title=\"Activity Reports\">Activity Reports<\/a><\/h3><div class=\"page-list-ext-item-content\"><p class=\"qtranxs-available-languages-message qtranxs-available-languages-message-en\">Sorry, this entry is only available in <a href=\"https:\/\/hufak.net\/de\/wp-json\/wp\/v2\/pages\/10101\" class=\"qtranxs-available-language-link qtranxs-available-language-link-de\" title=\"DE\">DE<\/a>.<\/p><ul>\r\n \t<li><a href=\"http:\/\/hufak.net\/wp-content\/uploads\/2024\/06\/Taetigkeit-23_24.pdf\">T\u00e4tigkeitsberichte 23_24<\/a><\/li>\r\n<\/ul>\r\n<\/div><\/div>\n<div class=\"page-list-ext-item\"><h3 class=\"page-list-ext-title\"><a href=\"https:\/\/hufak.net\/en\/downloads\/uv\/election-results\/\" title=\"\u00d6H election Results\">\u00d6H election Results<\/a><\/h3><div class=\"page-list-ext-item-content\"><p class=\"qtranxs-available-languages-message qtranxs-available-languages-message-en\">Sorry, this entry is only available in <a href=\"https:\/\/hufak.net\/de\/wp-json\/wp\/v2\/pages\/10101\" class=\"qtranxs-available-language-link qtranxs-available-language-link-de\" title=\"DE\">DE<\/a>.<\/p><p>Die neuesten Wahlergebnisse finden sich immer auf der <a href=\"https:\/\/dieangewandte.at\/wahlkommission\">Webseite der Wahlkommission der Hochsch\u00fcler*innenschaft an der Universit\u00e4t f\u00fcr angewandte Kunst Wien<\/a>.<\/p><\/div><\/div>\n<div class=\"page-list-ext-item\"><h3 class=\"page-list-ext-title\"><a href=\"https:\/\/hufak.net\/en\/downloads\/uv\/satzung\/\" title=\"Statute\">Statute<\/a><\/h3><div class=\"page-list-ext-item-content\">Current Statute: <a href=\"https:\/\/hufak.net\/wp-content\/uploads\/2025\/12\/Statute_version_2025-10-21.pdf\">Statue 2025-10-21<\/a><\/div><\/div>\n<div class=\"page-list-ext-item\"><h3 class=\"page-list-ext-title\"><a href=\"https:\/\/hufak.net\/en\/downloads\/uv\/protocols\/\" title=\"UV protocols\">UV protocols<\/a><\/h3><div class=\"page-list-ext-item-content\"><p class=\"qtranxs-available-languages-message qtranxs-available-languages-message-en\">Sorry, this entry is only available in <a href=\"https:\/\/hufak.net\/de\/wp-json\/wp\/v2\/pages\/10101\" class=\"qtranxs-available-language-link qtranxs-available-language-link-de\" title=\"DE\">DE<\/a>.<\/p><!-- wp:paragraph -->\r\n<h3><strong><span style=\"vertical-align: inherit;\"><span style=\"vertical-align: inherit;\">UV-Protokolle Studienjahr 24\/25<br \/><\/span><\/span><\/strong><\/h3>\r\n<p><a href=\"http:\/\/hufak.net\/wp-content\/uploads\/2025\/05\/4.-UV-Protokoll.pdf\">4. UV Proto 24_25<\/a><\/p>\r\n<p><span style=\"vertical-align: inherit;\"><span style=\"vertical-align: inherit;\"><a href=\"http:\/\/hufak.net\/wp-content\/uploads\/2025\/04\/3.-ordentliche-Sitzung_SS2025.pdf\">3. UV Proto 24 25<\/a><\/span><\/span><\/p>\r\n<p><span style=\"vertical-align: inherit;\"><span style=\"vertical-align: inherit;\"><a href=\"http:\/\/hufak.net\/wp-content\/uploads\/2025\/03\/2.-UV-Protokoll_SS25.pdf\">2. UV Proto 24 25<\/a><\/span><\/span><\/p>\r\n<p><span style=\"vertical-align: inherit;\"><span style=\"vertical-align: inherit;\"><a href=\"http:\/\/hufak.net\/wp-content\/uploads\/2024\/12\/1.UV-Protokoll-2024-25.pdf.pdf\">1. UV Proto 24 25<\/a><\/span><\/span><\/p>\r\n<p><\/p><\/div><\/div>\n<div class=\"page-list-ext-item\"><h3 class=\"page-list-ext-title\"><a href=\"https:\/\/hufak.net\/en\/downloads\/uv\/budget\/\" title=\"Budget\">Budget<\/a><\/h3><div class=\"page-list-ext-item-content\"><p class=\"qtranxs-available-languages-message qtranxs-available-languages-message-en\">Sorry, this entry is only available in <a href=\"https:\/\/hufak.net\/de\/wp-json\/wp\/v2\/pages\/10101\" class=\"qtranxs-available-language-link qtranxs-available-language-link-de\" title=\"DE\">DE<\/a>.<\/p><ul>\r\n \t<li><a href=\"https:\/\/hufak.net\/wp-content\/uploads\/2026\/01\/Budget-25_26.pdf\">Budget Voranschlag 25_26<\/a><\/li>\r\n<\/ul>\r\n<\/div><\/div>\n\n<\/div>\n","protected":false},"excerpt":{"rendered":"","protected":false},"author":15,"featured_media":0,"parent":8492,"menu_order":10,"comment_status":"closed","ping_status":"closed","template":"","meta":{"footnotes":""},"wf_page_folders":[57],"class_list":["post-10101","page","type-page","status-publish","hentry"],"featured_image_src":null,"_links":{"self":[{"href":"https:\/\/hufak.net\/en\/wp-json\/wp\/v2\/pages\/10101","targetHints":{"allow":["GET"]}}],"collection":[{"href":"https:\/\/hufak.net\/en\/wp-json\/wp\/v2\/pages"}],"about":[{"href":"https:\/\/hufak.net\/en\/wp-json\/wp\/v2\/types\/page"}],"author":[{"embeddable":true,"href":"https:\/\/hufak.net\/en\/wp-json\/wp\/v2\/users\/15"}],"replies":[{"embeddable":true,"href":"https:\/\/hufak.net\/en\/wp-json\/wp\/v2\/comments?post=10101"}],"version-history":[{"count":5,"href":"https:\/\/hufak.net\/en\/wp-json\/wp\/v2\/pages\/10101\/revisions"}],"predecessor-version":[{"id":10111,"href":"https:\/\/hufak.net\/en\/wp-json\/wp\/v2\/pages\/10101\/revisions\/10111"}],"up":[{"embeddable":true,"href":"https:\/\/hufak.net\/en\/wp-json\/wp\/v2\/pages\/8492"}],"wp:attachment":[{"href":"https:\/\/hufak.net\/en\/wp-json\/wp\/v2\/media?parent=10101"}],"wp:term":[{"taxonomy":"wf_page_folders","embeddable":true,"href":"https:\/\/hufak.net\/en\/wp-json\/wp\/v2\/wf_page_folders?post=10101"}],"curies":[{"name":"wp","href":"https:\/\/api.w.org\/{rel}","templated":true}]}}