{"id":7295,"date":"2021-02-05T14:16:23","date_gmt":"2021-02-05T14:16:23","guid":{"rendered":"http:\/\/new.hufak.net\/?page_id=7295"},"modified":"2026-01-27T22:06:04","modified_gmt":"2026-01-27T21:06:04","slug":"impressum","status":"publish","type":"page","link":"https:\/\/hufak.net\/en\/impressum\/","title":{"rendered":"Impressum"},"content":{"rendered":"<p class=\"qtranxs-available-languages-message qtranxs-available-languages-message-en\">Sorry, this entry is only available in <a href=\"https:\/\/hufak.net\/de\/wp-json\/wp\/v2\/pages\/7295\" class=\"qtranxs-available-language-link qtranxs-available-language-link-de\" title=\"DE\">DE<\/a>.<\/p><p>hufak \/\/ Hochsch\u00fcler_innenschaft der Universit\u00e4t f\u00fcr angewandte Kunst Wien<br \/>Oskar Kokoschka-Platz 2<br \/>1010 Wien<br \/><br \/>TEL +43 1 711 33 2270<br \/>FAX +43 1 712 87 73<br \/>MAIL office@hufak.net<\/p>\r\n\r\n<p>&nbsp;<\/p>\r\n\r\n<h3 class=\"wp-block-heading\">Datenschutzerkl\u00e4rung<\/h3>\r\n\r\n<p>&nbsp;<\/p>\r\n\r\n<p>Diese Datenschutzerkl\u00e4rung gilt f\u00fcr die Webseite https:\/\/hufak.net sowie allen ihren Unterseiten.<\/p>\r\n<h4 class=\"wp-block-heading\">Name und Anschrift der Verantwortlichen<\/h4>\r\n<p>Der Verantwortliche im Sinne der Datenschutz-Grundverordnung und anderer nationaler Datenschutzgesetze der Mitgliedsstaaten sowie sonstiger datenschutzrechtlicher Bestimmungen ist die:<\/p>\r\n<p>hufak \/\/ Hochsch\u00fcler_innenschaft der Universit\u00e4t f\u00fcr angewandte Kunst Wien<br \/>Oskar Kokoschka-Platz 2<br \/>1010 Wien<\/p>\r\n<p>Den:die Datenschutzbeauftragte:n erreichen Sie unter datenschutz{at}hufak.net und unter der Postadresse der Verantwortlichen mit dem Zusatz \u201eder:die Datenschutzbeauftragte\u201c.<\/p>\r\n<h4>Information zu verarbeiteten Daten<\/h4>\r\n\r\n<p>&nbsp;<\/p>\r\n\r\n<p>Der Schutz Ihrer pers\u00f6nlichen Daten ist uns ein besonderes Anliegen.\u00a0F\u00fcr diese Homepage erfolgt keine Speicherung personenbezogener Daten, kein Tracking, IP-Adressen werden nicht gespeichert.<\/p>\r\n\r\n<p>&nbsp;<\/p>","protected":false},"excerpt":{"rendered":"<p>Sorry, this entry is only available in DE. hufak \/\/ Hochsch\u00fcler_innenschaft der Universit\u00e4t f\u00fcr angewandte Kunst WienOskar Kokoschka-Platz 21010 Wien TEL +43 1 711 33 2270FAX +43 1 712 87 73MAIL office@hufak.net &nbsp; Datenschutzerkl\u00e4rung &nbsp; Diese Datenschutzerkl\u00e4rung gilt f\u00fcr die Webseite https:\/\/hufak.net sowie allen ihren Unterseiten. Name und Anschrift der Verantwortlichen Der Verantwortliche im Sinne [&hellip;]<\/p>\n","protected":false},"author":14,"featured_media":0,"parent":0,"menu_order":0,"comment_status":"closed","ping_status":"closed","template":"","meta":{"footnotes":""},"wf_page_folders":[58],"class_list":["post-7295","page","type-page","status-publish","hentry"],"featured_image_src":null,"_links":{"self":[{"href":"https:\/\/hufak.net\/en\/wp-json\/wp\/v2\/pages\/7295","targetHints":{"allow":["GET"]}}],"collection":[{"href":"https:\/\/hufak.net\/en\/wp-json\/wp\/v2\/pages"}],"about":[{"href":"https:\/\/hufak.net\/en\/wp-json\/wp\/v2\/types\/page"}],"author":[{"embeddable":true,"href":"https:\/\/hufak.net\/en\/wp-json\/wp\/v2\/users\/14"}],"replies":[{"embeddable":true,"href":"https:\/\/hufak.net\/en\/wp-json\/wp\/v2\/comments?post=7295"}],"version-history":[{"count":9,"href":"https:\/\/hufak.net\/en\/wp-json\/wp\/v2\/pages\/7295\/revisions"}],"predecessor-version":[{"id":10187,"href":"https:\/\/hufak.net\/en\/wp-json\/wp\/v2\/pages\/7295\/revisions\/10187"}],"wp:attachment":[{"href":"https:\/\/hufak.net\/en\/wp-json\/wp\/v2\/media?parent=7295"}],"wp:term":[{"taxonomy":"wf_page_folders","embeddable":true,"href":"https:\/\/hufak.net\/en\/wp-json\/wp\/v2\/wf_page_folders?post=7295"}],"curies":[{"name":"wp","href":"https:\/\/api.w.org\/{rel}","templated":true}]}}