{"id":8508,"date":"2023-04-03T12:10:48","date_gmt":"2023-04-03T12:10:48","guid":{"rendered":"https:\/\/hufak.net\/?page_id=8508"},"modified":"2026-01-19T23:05:51","modified_gmt":"2026-01-19T22:05:51","slug":"election-results","status":"publish","type":"page","link":"https:\/\/hufak.net\/en\/downloads\/uv\/election-results\/","title":{"rendered":"\u00d6H election Results"},"content":{"rendered":"<p class=\"qtranxs-available-languages-message qtranxs-available-languages-message-en\">Sorry, this entry is only available in <a href=\"https:\/\/hufak.net\/de\/wp-json\/wp\/v2\/pages\/8508\" class=\"qtranxs-available-language-link qtranxs-available-language-link-de\" title=\"DE\">DE<\/a>.<\/p><p>Die neuesten Wahlergebnisse finden sich immer auf der <a href=\"https:\/\/dieangewandte.at\/wahlkommission\">Webseite der Wahlkommission der Hochsch\u00fcler*innenschaft an der Universit\u00e4t f\u00fcr angewandte Kunst Wien<\/a>.<!--more--><\/p>\r\n<h3>Alte Wahlergebnisse<\/h3>\r\n<ul>\r\n<li><a href=\"http:\/\/hufak.net\/wp-content\/uploads\/2023\/10\/Hochschulvertretung.pdf\">Hochschulvertretung 2023<\/a><\/li>\r\n<li><a href=\"http:\/\/hufak.net\/wp-content\/uploads\/2023\/10\/Studienvertretungen.pdf\">Studienvertretungen 2023<\/a><\/li>\r\n<li><a href=\"http:\/\/newest.hufak.net\/wp-content\/uploads\/2021\/06\/BV_Verlautbarung.pdf\">Wahlergebniss 2021 BV<\/a><\/li>\r\n<li><a href=\"http:\/\/newest.hufak.net\/wp-content\/uploads\/2021\/05\/Wahlergebnisse-UV-und-StV_Verlautbarung-26052021.pdf\">Wahlergebniss 2021 UV und StV<\/a><\/li>\r\n<li><a href=\"http:\/\/newest.hufak.net\/wp-content\/uploads\/2021\/02\/Wahlergebnisse-2019_V2.pdf\">Wahlergebnisse 2019<\/a><!-- \/wp:post-content --><\/li>\r\n<\/ul>\r\n<!-- wp:paragraph -->","protected":false},"excerpt":{"rendered":"<p>Sorry, this entry is only available in DE. Die neuesten Wahlergebnisse finden sich immer auf der Webseite der Wahlkommission der Hochsch\u00fcler*innenschaft an der Universit\u00e4t f\u00fcr angewandte Kunst Wien.<\/p>\n","protected":false},"author":14,"featured_media":0,"parent":10101,"menu_order":0,"comment_status":"closed","ping_status":"closed","template":"","meta":{"footnotes":""},"wf_page_folders":[57],"class_list":["post-8508","page","type-page","status-publish","hentry"],"featured_image_src":null,"_links":{"self":[{"href":"https:\/\/hufak.net\/en\/wp-json\/wp\/v2\/pages\/8508","targetHints":{"allow":["GET"]}}],"collection":[{"href":"https:\/\/hufak.net\/en\/wp-json\/wp\/v2\/pages"}],"about":[{"href":"https:\/\/hufak.net\/en\/wp-json\/wp\/v2\/types\/page"}],"author":[{"embeddable":true,"href":"https:\/\/hufak.net\/en\/wp-json\/wp\/v2\/users\/14"}],"replies":[{"embeddable":true,"href":"https:\/\/hufak.net\/en\/wp-json\/wp\/v2\/comments?post=8508"}],"version-history":[{"count":10,"href":"https:\/\/hufak.net\/en\/wp-json\/wp\/v2\/pages\/8508\/revisions"}],"predecessor-version":[{"id":10112,"href":"https:\/\/hufak.net\/en\/wp-json\/wp\/v2\/pages\/8508\/revisions\/10112"}],"up":[{"embeddable":true,"href":"https:\/\/hufak.net\/en\/wp-json\/wp\/v2\/pages\/10101"}],"wp:attachment":[{"href":"https:\/\/hufak.net\/en\/wp-json\/wp\/v2\/media?parent=8508"}],"wp:term":[{"taxonomy":"wf_page_folders","embeddable":true,"href":"https:\/\/hufak.net\/en\/wp-json\/wp\/v2\/wf_page_folders?post=8508"}],"curies":[{"name":"wp","href":"https:\/\/api.w.org\/{rel}","templated":true}]}}